{"id":22,"date":"2022-09-28T15:18:05","date_gmt":"2022-09-28T13:18:05","guid":{"rendered":"https:\/\/netzwaerch.ch\/?page_id=22"},"modified":"2025-07-15T10:28:44","modified_gmt":"2025-07-15T08:28:44","slug":"blog","status":"publish","type":"page","link":"https:\/\/netzwaerch.ch\/?page_id=22","title":{"rendered":"Dein Herz kennt den Weg &#8211; Folge deinem Herzen"},"content":{"rendered":"\n<p>Das Herz ist das Zentrum des Lebens, der Lebendigkeit in uns. Du bist da, um zu leben, zu sp\u00fcren, f\u00fchlen, sehen, riechen, h\u00f6ren.<\/p>\n\n\n\n<p>Du bist nicht da , um Spuren zu hinterlassen&#8230;.Nein&#8230;.ganz im Gegenteil&#8230;..Du bist Jetzt da, um all die Hinterlassenschaften,  all die Geschichten, die von Generation zu Generation weitergetragen werden endlich zu beseitigen, aufzul\u00f6sen und nicht noch weiter zu berichten. Denn durch das wiederholen von alten Berichten wird gar nichts berichtigt. Ganz im Gegenteil es verst\u00e4rkt immer mehr  seine Wirkung das alte Wissen aus alten Erfahrungswelten<\/p>\n\n\n\n<p>In deinem Geist stecken soviele alte Erfahrungen fest, die alle in den Zellen deines K\u00f6rpers gespeichert sind und deswegen auch je nachdem an was Du dich zur\u00fcckerinnerst auch jederzeit durch den K\u00f6rper wahrnehmbar sind.<\/p>\n\n\n\n<p><\/p>\n\n\n\n<p>Jede Reaktion deines K\u00f6rpers beruht auf eine Erinnerung an eine vergangene Situation, die noch in deinem Geiste lebendig ist. Es ist dein Geist, der deinen K\u00f6rper bewegt oder auch blockiert.<\/p>\n\n\n\n<p>Darum heile nicht die Krankheitsbilder, die dein K\u00f6rper dir zeigt sondern heile die Bilder der Schreckens in deinem Geist, indem Du den Bilder den Schrecken nimmst und das kannst Du nur tun, wenn Du bereit bist, das darin liegende Gef\u00fchl, das damals so heftig war, dass es dich aus der Bahn geworfen hat, Jetzt anzunehmen indem du die Situation nochmals vor deinem geistigen Auge Revue passieren l\u00e4sst und einfach nur f\u00fchlst, was gerade in dir passiert.<\/p>\n\n\n\n<p>So l\u00f6st du die Situation von ihrem Schrecken und kommst wieder zur\u00fcck in deine Bahn und bist wieder mit deinem Lebendigen Sein verbunden, zur\u00fcck im Leben raus aus dem Ueberleben.  <\/p>\n\n\n\n<p>Stell Dir vor jede Zelle ist eine Blase in der eine alte Erinnerung drin steckt&#8230;.also eine Geschichte&#8230;Bild, Ton, Gef\u00fchl. Die Blase bleibt da solange bis jemand mit einer Nadel  reinpickst und die Blase aufplatzt. Je nachdem, was f\u00fcr eine Blase gerade zerplatzt ist, es wird Folgen auf dein Wohlbefinden haben. Denn in jeder Blase ist auch ein Gef\u00fchl drin gefangen. Klar oder, dass wenn die Blase platzt auch das Gef\u00fchl sich befreit. Es wird sich breit machen und JETZT, wo endlich irgend jemand, ein bekannter, ein fremder, ein geliebter, ein ungeliebt Mensch die Blase zum Platzen gebracht hat, wird es niemand mehr aufhalten, um endlich aus der Gefangenschaft auszubrechen und nach oben zu schnellen. Es wird sich seinen Weg bahnen.<\/p>\n\n\n\n<p>Damit dieses bahnbrechende Ereignis dich nicht \u00fcbermannt ist es empfehlenswert, das Leben nicht mehr zu kontrollieren und zu verplanen sondern dich in jedem Moment auf das wichtigste in deinem Leben einzulassen&#8230;&#8230;auf dein Herz, denn dann fliesst das Leben MIT GEFUEHL und nicht MIT LEID.<\/p>\n\n\n\n<p>Folge deinem Herzen und nicht deinem Verstand, denn der tut nichts, was er nicht kennt. Sei mutig und folge spontan den Impulsen deines Herzens und es werden Wunder geschehen oder besser gesagt, du wirst Dich WUNDERn, was dann alles geschieht! <\/p>\n\n\n\n<p>Wenn Du diese Zeilen bis HIER gelesen hast, dann hat dich dein Leben wohl zu mir gef\u00fchrt, weil Du JETZT bereit bist Deinem  Herzen zu folgen doch noch nicht weisst, wie Du fortan von Moment zu Moment immer mehr aus deinem Herzen heraus tust, was dein Herz sich w\u00fcnscht und nicht dein Verstand.<\/p>\n\n\n\n<p>Gerne helfe ich Dir dabei, wie Du immer mehr unterscheiden kannst, welche Stimme deine Herzstimme ist und welche nicht.<\/p>\n\n\n\n<p><\/p>\n","protected":false},"excerpt":{"rendered":"<p>Das Herz ist das Zentrum des Lebens, der Lebendigkeit in uns. Du bist da, um zu leben, zu sp\u00fcren, f\u00fchlen, sehen, riechen, h\u00f6ren. Du bist nicht da , um Spuren zu hinterlassen&#8230;.Nein&#8230;.ganz im Gegenteil&#8230;..Du bist Jetzt da, um all die Hinterlassenschaften, all die Geschichten, die von Generation zu Generation weitergetragen werden endlich zu beseitigen, aufzul\u00f6sen &hellip; <a href=\"https:\/\/netzwaerch.ch\/?page_id=22\" class=\"more-link\">Continue reading <span class=\"screen-reader-text\">Dein Herz kennt den Weg &#8211; Folge deinem Herzen<\/span><\/a><\/p>\n","protected":false},"author":1,"featured_media":0,"parent":0,"menu_order":0,"comment_status":"closed","ping_status":"closed","template":"","meta":{"footnotes":""},"class_list":["post-22","page","type-page","status-publish","hentry"],"_links":{"self":[{"href":"https:\/\/netzwaerch.ch\/index.php?rest_route=\/wp\/v2\/pages\/22","targetHints":{"allow":["GET"]}}],"collection":[{"href":"https:\/\/netzwaerch.ch\/index.php?rest_route=\/wp\/v2\/pages"}],"about":[{"href":"https:\/\/netzwaerch.ch\/index.php?rest_route=\/wp\/v2\/types\/page"}],"author":[{"embeddable":true,"href":"https:\/\/netzwaerch.ch\/index.php?rest_route=\/wp\/v2\/users\/1"}],"replies":[{"embeddable":true,"href":"https:\/\/netzwaerch.ch\/index.php?rest_route=%2Fwp%2Fv2%2Fcomments&post=22"}],"version-history":[{"count":17,"href":"https:\/\/netzwaerch.ch\/index.php?rest_route=\/wp\/v2\/pages\/22\/revisions"}],"predecessor-version":[{"id":273,"href":"https:\/\/netzwaerch.ch\/index.php?rest_route=\/wp\/v2\/pages\/22\/revisions\/273"}],"wp:attachment":[{"href":"https:\/\/netzwaerch.ch\/index.php?rest_route=%2Fwp%2Fv2%2Fmedia&parent=22"}],"curies":[{"name":"wp","href":"https:\/\/api.w.org\/{rel}","templated":true}]}}